{"id":7534,"date":"2017-10-02T19:06:42","date_gmt":"2017-10-02T18:06:42","guid":{"rendered":"https:\/\/www.brusselsfamily.be\/kraamgeld-aanvragen\/"},"modified":"2020-12-11T14:30:29","modified_gmt":"2020-12-11T13:30:29","slug":"dogum-odenegine-basvurma","status":"publish","type":"page","link":"https:\/\/staging.brusselsfamily.be\/tr\/dogum-odenegine-basvurma\/","title":{"rendered":"Do\u011fum \u00f6dene\u011fine ba\u015fvurma"},"content":{"rendered":"","protected":false},"excerpt":{"rendered":"","protected":false},"author":1,"featured_media":0,"parent":0,"menu_order":0,"comment_status":"closed","ping_status":"closed","template":"kraamgeld-aanvragen-tr.php","meta":{"_acf_changed":false,"inline_featured_image":false,"footnotes":"","_links_to":"","_links_to_target":""},"acf":[],"yoast_head":"<!-- This site is optimized with the Yoast SEO plugin v22.8 - https:\/\/yoast.com\/wordpress\/plugins\/seo\/ -->\n<title>Do\u011fum \u00f6dene\u011fine ba\u015fvurma - BrusselsFamily<\/title>\n<meta name=\"description\" content=\"Bel\u00e7ika&#039;da m\u0131 kay\u0131tl\u0131s\u0131n\u0131z? O zaman birka\u00e7 ad\u0131mda do\u011fum \u00f6dene\u011fine ba\u015fvurabilirsiniz.\" \/>\n<meta name=\"robots\" content=\"noindex, follow, max-snippet:-1, max-image-preview:large, max-video-preview:-1\" \/>\n<meta property=\"og:locale\" content=\"tr_TR\" \/>\n<meta property=\"og:type\" content=\"article\" \/>\n<meta property=\"og:title\" content=\"Do\u011fum \u00f6dene\u011fine ba\u015fvurma - BrusselsFamily\" \/>\n<meta property=\"og:description\" content=\"Bel\u00e7ika&#039;da m\u0131 kay\u0131tl\u0131s\u0131n\u0131z? O zaman birka\u00e7 ad\u0131mda do\u011fum \u00f6dene\u011fine ba\u015fvurabilirsiniz.\" \/>\n<meta property=\"og:url\" content=\"https:\/\/staging.brusselsfamily.be\/tr\/dogum-odenegine-basvurma\/\" \/>\n<meta property=\"og:site_name\" content=\"BrusselsFamily\" \/>\n<meta property=\"article:publisher\" content=\"https:\/\/www.facebook.com\/BrusselsFamily\/\" \/>\n<meta property=\"article:modified_time\" content=\"2020-12-11T13:30:29+00:00\" \/>\n<meta name=\"twitter:card\" content=\"summary_large_image\" \/>\n<script type=\"application\/ld+json\" class=\"yoast-schema-graph\">{\"@context\":\"https:\/\/schema.org\",\"@graph\":[{\"@type\":\"WebPage\",\"@id\":\"https:\/\/staging.brusselsfamily.be\/tr\/dogum-odenegine-basvurma\/\",\"url\":\"https:\/\/staging.brusselsfamily.be\/tr\/dogum-odenegine-basvurma\/\",\"name\":\"Do\u011fum \u00f6dene\u011fine ba\u015fvurma - BrusselsFamily\",\"isPartOf\":{\"@id\":\"https:\/\/staging.brusselsfamily.be\/tr\/#website\"},\"datePublished\":\"2017-10-02T18:06:42+00:00\",\"dateModified\":\"2020-12-11T13:30:29+00:00\",\"description\":\"Bel\u00e7ika'da m\u0131 kay\u0131tl\u0131s\u0131n\u0131z? O zaman birka\u00e7 ad\u0131mda do\u011fum \u00f6dene\u011fine ba\u015fvurabilirsiniz.\",\"breadcrumb\":{\"@id\":\"https:\/\/staging.brusselsfamily.be\/tr\/dogum-odenegine-basvurma\/#breadcrumb\"},\"inLanguage\":\"tr\",\"potentialAction\":[{\"@type\":\"ReadAction\",\"target\":[\"https:\/\/staging.brusselsfamily.be\/tr\/dogum-odenegine-basvurma\/\"]}]},{\"@type\":\"BreadcrumbList\",\"@id\":\"https:\/\/staging.brusselsfamily.be\/tr\/dogum-odenegine-basvurma\/#breadcrumb\",\"itemListElement\":[{\"@type\":\"ListItem\",\"position\":1,\"name\":\"Home\",\"item\":\"https:\/\/staging.brusselsfamily.be\/tr\/\"},{\"@type\":\"ListItem\",\"position\":2,\"name\":\"Do\u011fum \u00f6dene\u011fine ba\u015fvurma\"}]},{\"@type\":\"WebSite\",\"@id\":\"https:\/\/staging.brusselsfamily.be\/tr\/#website\",\"url\":\"https:\/\/staging.brusselsfamily.be\/tr\/\",\"name\":\"BrusselsFamily\",\"description\":\"Kinderbijslagcoach\",\"publisher\":{\"@id\":\"https:\/\/staging.brusselsfamily.be\/tr\/#organization\"},\"potentialAction\":[{\"@type\":\"SearchAction\",\"target\":{\"@type\":\"EntryPoint\",\"urlTemplate\":\"https:\/\/staging.brusselsfamily.be\/tr\/?s={search_term_string}\"},\"query-input\":\"required name=search_term_string\"}],\"inLanguage\":\"tr\"},{\"@type\":\"Organization\",\"@id\":\"https:\/\/staging.brusselsfamily.be\/tr\/#organization\",\"name\":\"BrusselsFamily\",\"url\":\"https:\/\/staging.brusselsfamily.be\/tr\/\",\"logo\":{\"@type\":\"ImageObject\",\"inLanguage\":\"tr\",\"@id\":\"https:\/\/staging.brusselsfamily.be\/tr\/#\/schema\/logo\/image\/\",\"url\":\"https:\/\/staging.brusselsfamily.be\/wp-content\/uploads\/2018\/11\/Logo_BRF_RGB_white-blue.svg\",\"contentUrl\":\"https:\/\/staging.brusselsfamily.be\/wp-content\/uploads\/2018\/11\/Logo_BRF_RGB_white-blue.svg\",\"caption\":\"BrusselsFamily\"},\"image\":{\"@id\":\"https:\/\/staging.brusselsfamily.be\/tr\/#\/schema\/logo\/image\/\"},\"sameAs\":[\"https:\/\/www.facebook.com\/BrusselsFamily\/\"]}]}<\/script>\n<!-- \/ Yoast SEO plugin. -->","yoast_head_json":{"title":"Do\u011fum \u00f6dene\u011fine ba\u015fvurma - BrusselsFamily","description":"Bel\u00e7ika'da m\u0131 kay\u0131tl\u0131s\u0131n\u0131z? O zaman birka\u00e7 ad\u0131mda do\u011fum \u00f6dene\u011fine ba\u015fvurabilirsiniz.","robots":{"index":"noindex","follow":"follow","max-snippet":"max-snippet:-1","max-image-preview":"max-image-preview:large","max-video-preview":"max-video-preview:-1"},"og_locale":"tr_TR","og_type":"article","og_title":"Do\u011fum \u00f6dene\u011fine ba\u015fvurma - BrusselsFamily","og_description":"Bel\u00e7ika'da m\u0131 kay\u0131tl\u0131s\u0131n\u0131z? O zaman birka\u00e7 ad\u0131mda do\u011fum \u00f6dene\u011fine ba\u015fvurabilirsiniz.","og_url":"https:\/\/staging.brusselsfamily.be\/tr\/dogum-odenegine-basvurma\/","og_site_name":"BrusselsFamily","article_publisher":"https:\/\/www.facebook.com\/BrusselsFamily\/","article_modified_time":"2020-12-11T13:30:29+00:00","twitter_card":"summary_large_image","schema":{"@context":"https:\/\/schema.org","@graph":[{"@type":"WebPage","@id":"https:\/\/staging.brusselsfamily.be\/tr\/dogum-odenegine-basvurma\/","url":"https:\/\/staging.brusselsfamily.be\/tr\/dogum-odenegine-basvurma\/","name":"Do\u011fum \u00f6dene\u011fine ba\u015fvurma - BrusselsFamily","isPartOf":{"@id":"https:\/\/staging.brusselsfamily.be\/tr\/#website"},"datePublished":"2017-10-02T18:06:42+00:00","dateModified":"2020-12-11T13:30:29+00:00","description":"Bel\u00e7ika'da m\u0131 kay\u0131tl\u0131s\u0131n\u0131z? O zaman birka\u00e7 ad\u0131mda do\u011fum \u00f6dene\u011fine ba\u015fvurabilirsiniz.","breadcrumb":{"@id":"https:\/\/staging.brusselsfamily.be\/tr\/dogum-odenegine-basvurma\/#breadcrumb"},"inLanguage":"tr","potentialAction":[{"@type":"ReadAction","target":["https:\/\/staging.brusselsfamily.be\/tr\/dogum-odenegine-basvurma\/"]}]},{"@type":"BreadcrumbList","@id":"https:\/\/staging.brusselsfamily.be\/tr\/dogum-odenegine-basvurma\/#breadcrumb","itemListElement":[{"@type":"ListItem","position":1,"name":"Home","item":"https:\/\/staging.brusselsfamily.be\/tr\/"},{"@type":"ListItem","position":2,"name":"Do\u011fum \u00f6dene\u011fine ba\u015fvurma"}]},{"@type":"WebSite","@id":"https:\/\/staging.brusselsfamily.be\/tr\/#website","url":"https:\/\/staging.brusselsfamily.be\/tr\/","name":"BrusselsFamily","description":"Kinderbijslagcoach","publisher":{"@id":"https:\/\/staging.brusselsfamily.be\/tr\/#organization"},"potentialAction":[{"@type":"SearchAction","target":{"@type":"EntryPoint","urlTemplate":"https:\/\/staging.brusselsfamily.be\/tr\/?s={search_term_string}"},"query-input":"required name=search_term_string"}],"inLanguage":"tr"},{"@type":"Organization","@id":"https:\/\/staging.brusselsfamily.be\/tr\/#organization","name":"BrusselsFamily","url":"https:\/\/staging.brusselsfamily.be\/tr\/","logo":{"@type":"ImageObject","inLanguage":"tr","@id":"https:\/\/staging.brusselsfamily.be\/tr\/#\/schema\/logo\/image\/","url":"https:\/\/staging.brusselsfamily.be\/wp-content\/uploads\/2018\/11\/Logo_BRF_RGB_white-blue.svg","contentUrl":"https:\/\/staging.brusselsfamily.be\/wp-content\/uploads\/2018\/11\/Logo_BRF_RGB_white-blue.svg","caption":"BrusselsFamily"},"image":{"@id":"https:\/\/staging.brusselsfamily.be\/tr\/#\/schema\/logo\/image\/"},"sameAs":["https:\/\/www.facebook.com\/BrusselsFamily\/"]}]}},"_links":{"self":[{"href":"https:\/\/staging.brusselsfamily.be\/tr\/wp-json\/wp\/v2\/pages\/7534"}],"collection":[{"href":"https:\/\/staging.brusselsfamily.be\/tr\/wp-json\/wp\/v2\/pages"}],"about":[{"href":"https:\/\/staging.brusselsfamily.be\/tr\/wp-json\/wp\/v2\/types\/page"}],"author":[{"embeddable":true,"href":"https:\/\/staging.brusselsfamily.be\/tr\/wp-json\/wp\/v2\/users\/1"}],"replies":[{"embeddable":true,"href":"https:\/\/staging.brusselsfamily.be\/tr\/wp-json\/wp\/v2\/comments?post=7534"}],"version-history":[{"count":2,"href":"https:\/\/staging.brusselsfamily.be\/tr\/wp-json\/wp\/v2\/pages\/7534\/revisions"}],"predecessor-version":[{"id":7539,"href":"https:\/\/staging.brusselsfamily.be\/tr\/wp-json\/wp\/v2\/pages\/7534\/revisions\/7539"}],"wp:attachment":[{"href":"https:\/\/staging.brusselsfamily.be\/tr\/wp-json\/wp\/v2\/media?parent=7534"}],"curies":[{"name":"wp","href":"https:\/\/api.w.org\/{rel}","templated":true}]}}